{"id":39,"date":"2020-11-29T20:42:00","date_gmt":"2020-11-29T20:42:00","guid":{"rendered":"https:\/\/minitokyosushi.ca\/?page_id=39"},"modified":"2025-12-25T06:10:28","modified_gmt":"2025-12-25T06:10:28","slug":"https-www-ubereats-com-montreal-food-delivery-mini-tokyo-sushi-3luqdvdkt5qlnva0xbkyfafbclidiwar39aaq-k1cvd1kfv0xosa93w9pndjha4czlvu4zpzvs3n0hssomafb9mfg","status":"publish","type":"page","link":"https:\/\/minitokyosushi.ca\/en\/https-www-ubereats-com-montreal-food-delivery-mini-tokyo-sushi-3luqdvdkt5qlnva0xbkyfafbclidiwar39aaq-k1cvd1kfv0xosa93w9pndjha4czlvu4zpzvs3n0hssomafb9mfg\/","title":{"rendered":"To Order"},"content":{"rendered":"<p><strong>Pour Commander &amp; Emporter &amp; R\u00e9server: (450)-857-1668<\/strong><\/p>\n\n\n\n<p>Le menu, les prix et les heures de service sont sujets \u00e0 changement pour toutes les commandes en ligne et en livraison. Les commandes en ligne et la livraison sont disponibles uniquement sur Uber Eats.<\/p>\n\n\n\n<p><strong>Our phone line 450 857-1668 does not work after several times? Contact us at 514 834-9668. Thank you! <\/strong><\/p>\n\n\n\n<p style=\"font-size:22px\"><\/p>\n\n\n\n<figure class=\"wp-block-image size-large\"><a href=\"https:\/\/www.ubereats.com\/montreal\/food-delivery\/mini-tokyo-sushi\/3LuqDVdKT5qlnvA0xbKyFA?fbclid=IwAR3WtH3m-GvFgUpEYYAghX4_cv4Z9Q1Yh2v6y6-9mJq3IFCi5aIyqReWyXQ\"><img decoding=\"async\" src=\"https:\/\/minitokyosushi.ca\/wp-content\/uploads\/2020\/12\/UberEats_Badge_Vertical_330x330-1.png\" alt=\"UberEats\" class=\"wp-image-446\"><\/a><\/figure>","protected":false},"excerpt":{"rendered":"<p>Pour Commander &amp; Emporter &amp; R\u00e9server: (450)-857-1668 Le menu, les prix et les heures de service sont sujets \u00e0 changement pour toutes les commandes en ligne et en livraison. Les commandes en ligne et la livraison sont disponibles uniquement sur Uber Eats. Notre ligne t\u00e9l\u00e9phonique 450 857-1668 ne fonctionne pas apr\u00e8s plusieurs reprises? Communiquez avec &hellip; <a href=\"https:\/\/minitokyosushi.ca\/en\/https-www-ubereats-com-montreal-food-delivery-mini-tokyo-sushi-3luqdvdkt5qlnva0xbkyfafbclidiwar39aaq-k1cvd1kfv0xosa93w9pndjha4czlvu4zpzvs3n0hssomafb9mfg\/\" class=\"more-link\">Continue reading <span class=\"screen-reader-text\">To Order<\/span> <span class=\"meta-nav\">&rarr;<\/span><\/a><\/p>","protected":false},"author":1,"featured_media":0,"parent":0,"menu_order":0,"comment_status":"closed","ping_status":"closed","template":"","meta":{"footnotes":""},"class_list":["post-39","page","type-page","status-publish","hentry"],"_links":{"self":[{"href":"https:\/\/minitokyosushi.ca\/en\/wp-json\/wp\/v2\/pages\/39","targetHints":{"allow":["GET"]}}],"collection":[{"href":"https:\/\/minitokyosushi.ca\/en\/wp-json\/wp\/v2\/pages"}],"about":[{"href":"https:\/\/minitokyosushi.ca\/en\/wp-json\/wp\/v2\/types\/page"}],"author":[{"embeddable":true,"href":"https:\/\/minitokyosushi.ca\/en\/wp-json\/wp\/v2\/users\/1"}],"replies":[{"embeddable":true,"href":"https:\/\/minitokyosushi.ca\/en\/wp-json\/wp\/v2\/comments?post=39"}],"version-history":[{"count":25,"href":"https:\/\/minitokyosushi.ca\/en\/wp-json\/wp\/v2\/pages\/39\/revisions"}],"predecessor-version":[{"id":1073,"href":"https:\/\/minitokyosushi.ca\/en\/wp-json\/wp\/v2\/pages\/39\/revisions\/1073"}],"wp:attachment":[{"href":"https:\/\/minitokyosushi.ca\/en\/wp-json\/wp\/v2\/media?parent=39"}],"curies":[{"name":"wp","href":"https:\/\/api.w.org\/{rel}","templated":true}]}}