{"id":425,"date":"2020-12-11T03:30:10","date_gmt":"2020-12-11T03:30:10","guid":{"rendered":"https:\/\/minitokyosushi.ca\/?page_id=425"},"modified":"2026-04-29T02:40:18","modified_gmt":"2026-04-29T02:40:18","slug":"bienvenue-chez-mini-tokyo-sushi-boucherville","status":"publish","type":"page","link":"https:\/\/minitokyosushi.ca\/en\/","title":{"rendered":"Welcome to Mini Tokyo Sushi Boucherville!"},"content":{"rendered":"<p>La plus belle des mamans m\u00e9rite le plus beau des cadeaux. <\/p>\n\n\n\n<p>La f\u00eate des m\u00e8res arrive bient\u00f4t, c\u00e9l\u00e9brons-la!<\/p>\n\n\n\n<div class=\"wp-block-group is-nowrap is-layout-flex wp-container-core-group-is-layout-ad2f72ca wp-block-group-is-layout-flex\">\n<blockquote class=\"wp-block-quote is-layout-flow wp-block-quote-is-layout-flow\">\n<figure class=\"wp-block-image size-large\"><img loading=\"lazy\" decoding=\"async\" width=\"725\" height=\"1024\" src=\"https:\/\/minitokyosushi.ca\/wp-content\/uploads\/2026\/04\/Mothers-Day-Plateau-725x1024.jpg\" alt=\"\" class=\"wp-image-1172\" srcset=\"https:\/\/minitokyosushi.ca\/wp-content\/uploads\/2026\/04\/Mothers-Day-Plateau-725x1024.jpg 725w, https:\/\/minitokyosushi.ca\/wp-content\/uploads\/2026\/04\/Mothers-Day-Plateau-212x300.jpg 212w, https:\/\/minitokyosushi.ca\/wp-content\/uploads\/2026\/04\/Mothers-Day-Plateau-768x1085.jpg 768w, https:\/\/minitokyosushi.ca\/wp-content\/uploads\/2026\/04\/Mothers-Day-Plateau-8x12.jpg 8w, https:\/\/minitokyosushi.ca\/wp-content\/uploads\/2026\/04\/Mothers-Day-Plateau-17x24.jpg 17w, https:\/\/minitokyosushi.ca\/wp-content\/uploads\/2026\/04\/Mothers-Day-Plateau-25x36.jpg 25w, https:\/\/minitokyosushi.ca\/wp-content\/uploads\/2026\/04\/Mothers-Day-Plateau-34x48.jpg 34w, https:\/\/minitokyosushi.ca\/wp-content\/uploads\/2026\/04\/Mothers-Day-Plateau.jpg 794w\" sizes=\"auto, (max-width: 725px) 100vw, 725px\" \/><\/figure>\n<\/blockquote>\n<\/div>\n\n\n\n<blockquote class=\"wp-block-quote is-layout-flow wp-block-quote-is-layout-flow\">\n<p><\/p>\n<\/blockquote>\n\n\n\n<p><strong>ADRESSE: 106-1025 Rue Lionel-Daunais, Boucherville, Quebec J4B 0A5<\/strong><\/p>\n\n\n\n<p><strong>Notre ligne t\u00e9l\u00e9phonique 450 857-1668 ne fonctionne pas apr\u00e8s plusieurs reprises? Communiquez avec nous \u00e0 514 834-9668.<\/strong> <strong>Merci!<\/strong><\/p>\n\n\n\n<p class=\"has-medium-font-size\">Welcome to Mini Tokyo Sushi Boucherville! \nWe are a family-owned restaurant ready to serve our community with our careful selection of fresh, simple and tasty ingredients for the creation of our Sushi, Pok\u00e9, Ramen, Tea and Desserts. <\/p>\n\n\n\n<p>Nous vous invitions \u00e0 suivre notre page Facebook @minitokyosushiboucherville et Instagram <a rel=\"noreferrer noopener\" href=\"http:\/\/instagram.com\/mini.tokyo.sushi?fbclid=IwAR2mJS8Ty4dWTsXcCr_jTP0YicVR2BvF77kqeJp3ioMnTfGAF-PPYlU-EO8\" target=\"_blank\">@mini.tokyo.sushi<\/a> pour conna\u00eetre toutes les mises \u00e0 jour sur notre menu et promotion!  <\/p>\n\n\n\n<p> &#8212;&#8212;&#8212;&#8212;&#8212;&#8212;&#8212;&#8212;&#8212;&#8212;&#8212;&#8212;&#8212;&#8212;- <\/p>\n\n\n\n<p><strong>QUESTIONS? R\u00c9PONSES!<\/strong><\/p>\n\n\n\n<p>Voici nos r\u00e9ponses aux questions les plus pos\u00e9es depuis notre grande ouverture le 10 d\u00e9cembre 2020 dernier! <\/p>\n\n\n\n<p>&#8212;&#8212;&#8212;&#8212;&#8212;&#8212;&#8212;&#8212;&#8212;&#8212;&#8212;&#8212;&#8212;&#8212;&#8211;<\/p>\n\n\n\n<p>Q : Doit-on appeler \u00e0 l&rsquo;avance pour r\u00e9server nos commandes? Pourquoi parfois vous arr\u00eatez de recevoir les commandes pour le reste de la soir\u00e9e?<\/p>\n\n\n\n<p>R : Pour assurer que votre commande soit pr\u00eat \u00e0 l&rsquo;heure, on vous conseille fortement de nous appeler pour r\u00e9server votre commande \u00e0 l&rsquo;avance: des heures ou m\u00eame une journ\u00e9e \u00e0 l&rsquo;avance! Lorsqu&rsquo;on re\u00e7oit un nombre important de commande pour souper, on arr\u00eate de recevoir les appels, les r\u00e9servations et les commandes pour le reste de la journ\u00e9e afin d&rsquo;assurer notre qualit\u00e9 et notre capacit\u00e9 de vous offrir votre repas \u00e0 temps. Nous voulons toujours offrir \u00e0 nos clients les sushis les plus frais et les plats chauds. Par cons\u00e9quent, nous ne commen\u00e7ons jamais \u00e0 pr\u00e9parer nos plats \u00e0 l&rsquo;avance pour garantir la d\u00e9licieuse qualit\u00e9 de nos sushis et mets.<\/p>\n\n\n\n<p>&#8212;&#8212;&#8212;&#8212;&#8212;&#8212;&#8212;&#8212;&#8212;&#8212;&#8212;&#8212;&#8212;&#8212;&#8211;<\/p>\n\n\n\n<p>Q : J&rsquo;ai des allergies, des restrictions alimentaires et des demandes sp\u00e9cifiques, puis-je commander chez Mini Tokyo Sushi?<\/p>\n\n\n\n<p>R : Si vous avez des restrictions alimentaires, des allergies ou toute autre demande sp\u00e9cifique, nous ferons de notre mieux pour r\u00e9pondre \u00e0 votre demande. Veuillez nous appeler \u00e0 l&rsquo;avance et nous discuterons ensemble de ce que nous pouvons faire pour vous!<\/p>\n\n\n\n<p>&#8212;&#8212;&#8212;&#8212;&#8212;&#8212;&#8212;&#8212;&#8212;&#8212;&#8212;&#8212;&#8212;&#8212;&#8211;<\/p>\n\n\n\n<p>Q : Offrez-vous un service de livraison?<\/p>\n\n\n\n<p>R : Nous sommes disponible sur UberEats! Cependant, lorsque nous recevons un nombre important de commandes ou de r\u00e9servations, nous prioriserons toujours nos clients qui ont command\u00e9s ou r\u00e9serv\u00e9s leurs repas sur place ou par t\u00e9l\u00e9phone. Ainsi, lorsque nous recevons un nombre important de commande, nous allons arr\u00eater de recevoir les commandes en ligne afin d&rsquo;assurer notre qualit\u00e9 et notre capacit\u00e9 de vous offrir votre repas \u00e0 temps avec les ingr\u00e9dients les plus frais! <\/p>\n\n\n\n<p>&#8212;&#8212;&#8212;&#8212;&#8212;&#8212;&#8212;&#8212;&#8212;&#8212;&#8212;&#8212;&#8212;&#8212;&#8211;<\/p>\n\n\n\n<p>Q : Mini Tokyo Sushi est-il une franchise?<\/p>\n\n\n\n<p>R : Nous ne sommes pas une franchise &#8211; seulement \u00e0 Boucherville! Nous sommes un petit restaurant familial et local pr\u00eat \u00e0 servir notre communaut\u00e9 avec notre s\u00e9lection minutieuse d&rsquo;ingr\u00e9dients frais, simples et savoureux pour la cr\u00e9ation de nos sushis, pok\u00e9, ramen, th\u00e9 et desserts.<\/p>\n\n\n\n<p><\/p>","protected":false},"excerpt":{"rendered":"<p>La plus belle des mamans m\u00e9rite le plus beau des cadeaux. La f\u00eate des m\u00e8res arrive bient\u00f4t, c\u00e9l\u00e9brons-la! ADRESSE: 106-1025 Rue Lionel-Daunais, Boucherville, Quebec J4B 0A5 Notre ligne t\u00e9l\u00e9phonique 450 857-1668 ne fonctionne pas apr\u00e8s plusieurs reprises? Communiquez avec nous \u00e0 514 834-9668. Merci! Nous sommes un restaurant familial pr\u00eat \u00e0 servir notre communaut\u00e9 avec &hellip; <a href=\"https:\/\/minitokyosushi.ca\/en\/\" class=\"more-link\">Continue reading <span class=\"screen-reader-text\">Welcome to Mini Tokyo Sushi Boucherville!<\/span> <span class=\"meta-nav\">&rarr;<\/span><\/a><\/p>","protected":false},"author":1,"featured_media":0,"parent":0,"menu_order":0,"comment_status":"closed","ping_status":"closed","template":"","meta":{"footnotes":""},"class_list":["post-425","page","type-page","status-publish","hentry"],"_links":{"self":[{"href":"https:\/\/minitokyosushi.ca\/en\/wp-json\/wp\/v2\/pages\/425","targetHints":{"allow":["GET"]}}],"collection":[{"href":"https:\/\/minitokyosushi.ca\/en\/wp-json\/wp\/v2\/pages"}],"about":[{"href":"https:\/\/minitokyosushi.ca\/en\/wp-json\/wp\/v2\/types\/page"}],"author":[{"embeddable":true,"href":"https:\/\/minitokyosushi.ca\/en\/wp-json\/wp\/v2\/users\/1"}],"replies":[{"embeddable":true,"href":"https:\/\/minitokyosushi.ca\/en\/wp-json\/wp\/v2\/comments?post=425"}],"version-history":[{"count":111,"href":"https:\/\/minitokyosushi.ca\/en\/wp-json\/wp\/v2\/pages\/425\/revisions"}],"predecessor-version":[{"id":1175,"href":"https:\/\/minitokyosushi.ca\/en\/wp-json\/wp\/v2\/pages\/425\/revisions\/1175"}],"wp:attachment":[{"href":"https:\/\/minitokyosushi.ca\/en\/wp-json\/wp\/v2\/media?parent=425"}],"curies":[{"name":"wp","href":"https:\/\/api.w.org\/{rel}","templated":true}]}}